{"id":878,"date":"2026-01-19T11:22:36","date_gmt":"2026-01-19T11:22:36","guid":{"rendered":"https:\/\/bertacarreraspsicologia.com\/inicio-espanol\/"},"modified":"2026-01-19T11:39:39","modified_gmt":"2026-01-19T11:39:39","slug":"inicio-espanol","status":"publish","type":"page","link":"https:\/\/bertacarreraspsicologia.com\/es\/inicio-espanol\/","title":{"rendered":"Inicio"},"content":{"rendered":"<div class=\"wp-block-group alignfull is-style-ext-preset--group--natural-1--section has-background-background-color has-background has-global-padding is-layout-constrained wp-block-group-is-layout-constrained\" style=\"margin-top:0;margin-bottom:0;padding-top:var(--wp--preset--spacing--50);padding-bottom:var(--wp--preset--spacing--70)\">\n<div class=\"wp-block-columns alignwide are-vertically-aligned-center is-layout-flex wp-container-core-columns-is-layout-174606dc wp-block-columns-is-layout-flex\">\n<div class=\"wp-block-column is-vertically-aligned-center is-layout-flow wp-block-column-is-layout-flow\" style=\"flex-basis:768px\">\n<div class=\"wp-block-group alignwide is-vertical is-layout-flex wp-container-core-group-is-layout-c35747d5 wp-block-group-is-layout-flex\">\n<div class=\"wp-block-group has-global-padding is-layout-constrained wp-container-core-group-is-layout-dd32767c wp-block-group-is-layout-constrained\">\n<h1 class=\"wp-block-heading\">Atenci\u00f3n psicol\u00f3gica<\/h1>\n\n\n\n<p>Soy Berta Carreras Fructuoso, psic\u00f3loga sanitaria y terapeuta sist\u00e9mica. Acompa\u00f1o adultos, familias y parejas en diferentes dificultades y momentos vitales.<br><br>Sesiones on-line y presenciales en Girona y Campllong<\/p>\n\n\n\n<div class=\"wp-block-buttons is-layout-flex wp-block-buttons-is-layout-flex\">\n<div class=\"wp-block-button is-style-ext-preset--button--natural-1--button-1 is-style-ext-preset--button--natural-1--button-1--2\"><a class=\"wp-block-button__link wp-element-button\" href=\"https:\/\/bertacarreraspsicologia.com\/es\/contacto\/\">Pide cita<\/a><\/div>\n<\/div>\n<\/div>\n<\/div>\n<\/div>\n\n\n\n<div class=\"wp-block-column is-vertically-aligned-center is-layout-flow wp-block-column-is-layout-flow\">\n<div class=\"wp-block-columns is-layout-flex wp-container-core-columns-is-layout-13e2ef3f wp-block-columns-is-layout-flex\">\n<div class=\"wp-block-column is-layout-flow wp-container-core-column-is-layout-fa5f7abe wp-block-column-is-layout-flow\" style=\"padding-top:var(--wp--preset--spacing--60)\">\n<figure class=\"wp-block-image is-style-ext-preset--image--natural-1--image-1--content-bottom is-style-ext-preset--image--natural-1--image-1--content-bottom--3\"><img loading=\"lazy\" decoding=\"async\" width=\"960\" height=\"1440\" src=\"https:\/\/bertacarreraspsicologia.com\/wp-content\/uploads\/2026\/01\/20fe2dfde62193ee03b29f2e9b0fafe06db6378c.jpg\" alt=\"\" class=\"wp-image-38\" style=\"aspect-ratio:3\/4;object-fit:cover\" srcset=\"https:\/\/bertacarreraspsicologia.com\/wp-content\/uploads\/2026\/01\/20fe2dfde62193ee03b29f2e9b0fafe06db6378c.jpg 960w, https:\/\/bertacarreraspsicologia.com\/wp-content\/uploads\/2026\/01\/20fe2dfde62193ee03b29f2e9b0fafe06db6378c-200x300.jpg 200w, https:\/\/bertacarreraspsicologia.com\/wp-content\/uploads\/2026\/01\/20fe2dfde62193ee03b29f2e9b0fafe06db6378c-683x1024.jpg 683w, https:\/\/bertacarreraspsicologia.com\/wp-content\/uploads\/2026\/01\/20fe2dfde62193ee03b29f2e9b0fafe06db6378c-768x1152.jpg 768w, https:\/\/bertacarreraspsicologia.com\/wp-content\/uploads\/2026\/01\/20fe2dfde62193ee03b29f2e9b0fafe06db6378c-8x12.jpg 8w\" sizes=\"auto, (max-width: 960px) 100vw, 960px\" \/><\/figure>\n\n\n\n<figure class=\"wp-block-image is-style-ext-preset--image--natural-1--image-1--content-top is-style-ext-preset--image--natural-1--image-1--content-top--4\"><img loading=\"lazy\" decoding=\"async\" width=\"1440\" height=\"960\" src=\"https:\/\/bertacarreraspsicologia.com\/wp-content\/uploads\/2026\/01\/43838682f49dfa7945896c8aee61525a97da06d5.jpg\" alt=\"\" class=\"wp-image-36\" style=\"aspect-ratio:3\/4;object-fit:cover\" srcset=\"https:\/\/bertacarreraspsicologia.com\/wp-content\/uploads\/2026\/01\/43838682f49dfa7945896c8aee61525a97da06d5.jpg 1440w, https:\/\/bertacarreraspsicologia.com\/wp-content\/uploads\/2026\/01\/43838682f49dfa7945896c8aee61525a97da06d5-300x200.jpg 300w, https:\/\/bertacarreraspsicologia.com\/wp-content\/uploads\/2026\/01\/43838682f49dfa7945896c8aee61525a97da06d5-1024x683.jpg 1024w, https:\/\/bertacarreraspsicologia.com\/wp-content\/uploads\/2026\/01\/43838682f49dfa7945896c8aee61525a97da06d5-768x512.jpg 768w, https:\/\/bertacarreraspsicologia.com\/wp-content\/uploads\/2026\/01\/43838682f49dfa7945896c8aee61525a97da06d5-18x12.jpg 18w\" sizes=\"auto, (max-width: 1440px) 100vw, 1440px\" \/><\/figure>\n<\/div>\n\n\n\n<div class=\"wp-block-column is-layout-flow wp-container-core-column-is-layout-8eebadab wp-block-column-is-layout-flow\">\n<figure class=\"wp-block-image is-style-ext-preset--image--natural-1--image-1--content-bottom is-style-ext-preset--image--natural-1--image-1--content-bottom--5\"><img loading=\"lazy\" decoding=\"async\" width=\"1440\" height=\"939\" src=\"https:\/\/bertacarreraspsicologia.com\/wp-content\/uploads\/2026\/01\/ace5e0ed1889252da191e848b9953bc021c37e64.jpg\" alt=\"\" class=\"wp-image-39\" style=\"aspect-ratio:3\/4;object-fit:cover\" srcset=\"https:\/\/bertacarreraspsicologia.com\/wp-content\/uploads\/2026\/01\/ace5e0ed1889252da191e848b9953bc021c37e64.jpg 1440w, https:\/\/bertacarreraspsicologia.com\/wp-content\/uploads\/2026\/01\/ace5e0ed1889252da191e848b9953bc021c37e64-300x196.jpg 300w, https:\/\/bertacarreraspsicologia.com\/wp-content\/uploads\/2026\/01\/ace5e0ed1889252da191e848b9953bc021c37e64-1024x668.jpg 1024w, https:\/\/bertacarreraspsicologia.com\/wp-content\/uploads\/2026\/01\/ace5e0ed1889252da191e848b9953bc021c37e64-768x501.jpg 768w, https:\/\/bertacarreraspsicologia.com\/wp-content\/uploads\/2026\/01\/ace5e0ed1889252da191e848b9953bc021c37e64-18x12.jpg 18w\" sizes=\"auto, (max-width: 1440px) 100vw, 1440px\" \/><\/figure>\n\n\n\n<figure class=\"wp-block-image is-style-ext-preset--image--natural-1--image-1--content-top is-style-ext-preset--image--natural-1--image-1--content-top--6\"><img loading=\"lazy\" decoding=\"async\" width=\"1440\" height=\"939\" src=\"https:\/\/bertacarreraspsicologia.com\/wp-content\/uploads\/2026\/01\/ace5e0ed1889252da191e848b9953bc021c37e64.jpg\" alt=\"\" class=\"wp-image-39\" style=\"aspect-ratio:3\/4;object-fit:cover\" srcset=\"https:\/\/bertacarreraspsicologia.com\/wp-content\/uploads\/2026\/01\/ace5e0ed1889252da191e848b9953bc021c37e64.jpg 1440w, https:\/\/bertacarreraspsicologia.com\/wp-content\/uploads\/2026\/01\/ace5e0ed1889252da191e848b9953bc021c37e64-300x196.jpg 300w, https:\/\/bertacarreraspsicologia.com\/wp-content\/uploads\/2026\/01\/ace5e0ed1889252da191e848b9953bc021c37e64-1024x668.jpg 1024w, https:\/\/bertacarreraspsicologia.com\/wp-content\/uploads\/2026\/01\/ace5e0ed1889252da191e848b9953bc021c37e64-768x501.jpg 768w, https:\/\/bertacarreraspsicologia.com\/wp-content\/uploads\/2026\/01\/ace5e0ed1889252da191e848b9953bc021c37e64-18x12.jpg 18w\" sizes=\"auto, (max-width: 1440px) 100vw, 1440px\" \/><\/figure>\n<\/div>\n<\/div>\n<\/div>\n<\/div>\n<\/div>\n\n\n\n<div class=\"wp-block-group alignfull is-style-ext-preset--group--natural-1--section has-background-background-color has-background has-global-padding is-layout-constrained wp-container-core-group-is-layout-e955bbaf wp-block-group-is-layout-constrained\" id=\"servicios\" style=\"margin-top:0;margin-bottom:0;padding-top:var(--wp--preset--spacing--70);padding-bottom:var(--wp--preset--spacing--70)\">\n<div class=\"wp-block-group alignwide is-vertical is-layout-flex wp-container-core-group-is-layout-c35747d5 wp-block-group-is-layout-flex\">\n<div class=\"wp-block-group has-global-padding is-layout-constrained wp-container-core-group-is-layout-5e05634a wp-block-group-is-layout-constrained\">\n<h2 class=\"wp-block-heading\">Servicios<\/h2>\n\n\n\n<p class=\"has-text-align-left\">Te puedo acompa\u00f1ar en sesiones individuales, familiares o de pareja.<\/p>\n<\/div>\n<\/div>\n\n\n\n<div class=\"wp-block-columns alignwide is-layout-flex wp-container-core-columns-is-layout-08c01c1c wp-block-columns-is-layout-flex\">\n<div class=\"wp-block-column is-vertically-aligned-stretch is-layout-flow wp-container-core-column-is-layout-119bc444 wp-block-column-is-layout-flow\">\n<div class=\"wp-block-media-text is-stacked-on-mobile is-image-fill-element is-style-ext-preset--media-text--natural-1--card-1 has-tertiary-background-color has-background is-style-ext-preset--media-text--natural-1--card-1--8\" style=\"grid-template-columns:42% auto\"><figure class=\"wp-block-media-text__media\"><img loading=\"lazy\" decoding=\"async\" width=\"1440\" height=\"960\" src=\"https:\/\/bertacarreraspsicologia.com\/wp-content\/uploads\/2026\/01\/889d084679c2a453e67f6a231ab4d3bb3ff72431.jpg\" alt=\"\" class=\"wp-image-31 size-full\" style=\"object-position:50% 50%\" srcset=\"https:\/\/bertacarreraspsicologia.com\/wp-content\/uploads\/2026\/01\/889d084679c2a453e67f6a231ab4d3bb3ff72431.jpg 1440w, https:\/\/bertacarreraspsicologia.com\/wp-content\/uploads\/2026\/01\/889d084679c2a453e67f6a231ab4d3bb3ff72431-300x200.jpg 300w, https:\/\/bertacarreraspsicologia.com\/wp-content\/uploads\/2026\/01\/889d084679c2a453e67f6a231ab4d3bb3ff72431-1024x683.jpg 1024w, https:\/\/bertacarreraspsicologia.com\/wp-content\/uploads\/2026\/01\/889d084679c2a453e67f6a231ab4d3bb3ff72431-768x512.jpg 768w, https:\/\/bertacarreraspsicologia.com\/wp-content\/uploads\/2026\/01\/889d084679c2a453e67f6a231ab4d3bb3ff72431-18x12.jpg 18w\" sizes=\"auto, (max-width: 1440px) 100vw, 1440px\" \/><\/figure><div class=\"wp-block-media-text__content\">\n<div class=\"wp-block-group is-style-default has-global-padding is-layout-constrained wp-container-core-group-is-layout-9a7b35d3 wp-block-group-is-layout-constrained\" style=\"padding-top:var(--wp--preset--spacing--40);padding-right:var(--wp--preset--spacing--30);padding-bottom:var(--wp--preset--spacing--40);padding-left:var(--wp--preset--spacing--30)\">\n<h3 class=\"wp-block-heading\" style=\"font-size:clamp(15.747px, 0.984rem + ((1vw - 3.2px) * 0.86), 24px);\">Terapia adultos<\/h3>\n\n\n\n<p class=\"has-small-font-size\">Sesiones individuales. Depresi\u00f3n, ansiedad, duelos, etapa perinatal, vivencia de situaciones traum\u00e1ticas, y m\u00e1s.<\/p>\n<\/div>\n<\/div><\/div>\n<\/div>\n\n\n\n<div class=\"wp-block-column is-layout-flow wp-block-column-is-layout-flow\">\n<div class=\"wp-block-media-text is-stacked-on-mobile is-image-fill-element is-style-ext-preset--media-text--natural-1--card-1 has-tertiary-background-color has-background is-style-ext-preset--media-text--natural-1--card-1--9\" style=\"grid-template-columns:34% auto\"><figure class=\"wp-block-media-text__media\"><img loading=\"lazy\" decoding=\"async\" width=\"1152\" height=\"1440\" src=\"https:\/\/bertacarreraspsicologia.com\/wp-content\/uploads\/2026\/01\/dca499c091659a1bf2ae2876dfaa56d7d3b25d11.jpg\" alt=\"\" class=\"wp-image-25 size-full\" style=\"object-position:50% 50%\" srcset=\"https:\/\/bertacarreraspsicologia.com\/wp-content\/uploads\/2026\/01\/dca499c091659a1bf2ae2876dfaa56d7d3b25d11.jpg 1152w, https:\/\/bertacarreraspsicologia.com\/wp-content\/uploads\/2026\/01\/dca499c091659a1bf2ae2876dfaa56d7d3b25d11-240x300.jpg 240w, https:\/\/bertacarreraspsicologia.com\/wp-content\/uploads\/2026\/01\/dca499c091659a1bf2ae2876dfaa56d7d3b25d11-819x1024.jpg 819w, https:\/\/bertacarreraspsicologia.com\/wp-content\/uploads\/2026\/01\/dca499c091659a1bf2ae2876dfaa56d7d3b25d11-768x960.jpg 768w, https:\/\/bertacarreraspsicologia.com\/wp-content\/uploads\/2026\/01\/dca499c091659a1bf2ae2876dfaa56d7d3b25d11-10x12.jpg 10w\" sizes=\"auto, (max-width: 1152px) 100vw, 1152px\" \/><\/figure><div class=\"wp-block-media-text__content\">\n<div class=\"wp-block-group is-style-default has-global-padding is-layout-constrained wp-container-core-group-is-layout-9a7b35d3 wp-block-group-is-layout-constrained\" style=\"padding-top:var(--wp--preset--spacing--40);padding-right:var(--wp--preset--spacing--30);padding-bottom:var(--wp--preset--spacing--40);padding-left:var(--wp--preset--spacing--30)\">\n<h3 class=\"wp-block-heading\" style=\"font-size:clamp(15.747px, 0.984rem + ((1vw - 3.2px) * 0.86), 24px);\">Terapia de pareja<\/h3>\n\n\n\n<p class=\"has-small-font-size\">Espacio terapeutico para el  tratamiento de malestares dentro de la pareja.<\/p>\n<\/div>\n<\/div><\/div>\n<\/div>\n\n\n\n<div class=\"wp-block-column is-vertically-aligned-stretch is-layout-flow wp-container-core-column-is-layout-119bc444 wp-block-column-is-layout-flow\">\n<div class=\"wp-block-media-text is-stacked-on-mobile is-image-fill-element is-style-ext-preset--media-text--natural-1--card-1 has-tertiary-background-color has-background is-style-ext-preset--media-text--natural-1--card-1--10\" style=\"grid-template-columns:41% auto\"><figure class=\"wp-block-media-text__media\"><img loading=\"lazy\" decoding=\"async\" width=\"1440\" height=\"844\" src=\"https:\/\/bertacarreraspsicologia.com\/wp-content\/uploads\/2026\/01\/9d28f3fe417e48ba9a4f19e5407de36c29e1815b.jpg\" alt=\"\" class=\"wp-image-41 size-full\" style=\"object-position:50% 50%\" srcset=\"https:\/\/bertacarreraspsicologia.com\/wp-content\/uploads\/2026\/01\/9d28f3fe417e48ba9a4f19e5407de36c29e1815b.jpg 1440w, https:\/\/bertacarreraspsicologia.com\/wp-content\/uploads\/2026\/01\/9d28f3fe417e48ba9a4f19e5407de36c29e1815b-300x176.jpg 300w, https:\/\/bertacarreraspsicologia.com\/wp-content\/uploads\/2026\/01\/9d28f3fe417e48ba9a4f19e5407de36c29e1815b-1024x600.jpg 1024w, https:\/\/bertacarreraspsicologia.com\/wp-content\/uploads\/2026\/01\/9d28f3fe417e48ba9a4f19e5407de36c29e1815b-768x450.jpg 768w, https:\/\/bertacarreraspsicologia.com\/wp-content\/uploads\/2026\/01\/9d28f3fe417e48ba9a4f19e5407de36c29e1815b-18x12.jpg 18w\" sizes=\"auto, (max-width: 1440px) 100vw, 1440px\" \/><\/figure><div class=\"wp-block-media-text__content\">\n<div class=\"wp-block-group is-style-default has-global-padding is-layout-constrained wp-container-core-group-is-layout-9a7b35d3 wp-block-group-is-layout-constrained\" style=\"padding-top:var(--wp--preset--spacing--40);padding-right:var(--wp--preset--spacing--30);padding-bottom:var(--wp--preset--spacing--40);padding-left:var(--wp--preset--spacing--30)\">\n<h3 class=\"wp-block-heading\" style=\"font-size:clamp(15.747px, 0.984rem + ((1vw - 3.2px) * 0.86), 24px);\">Terapia familiar<\/h3>\n\n\n\n<p class=\"has-small-font-size\">Atenci\u00f3n familiar para  mejorar la comunicaci\u00f3n y la relaci\u00f3n.<\/p>\n<\/div>\n<\/div><\/div>\n<\/div>\n<\/div>\n\n\n\n<div class=\"wp-block-columns alignwide is-layout-flex wp-container-core-columns-is-layout-967d05ff wp-block-columns-is-layout-flex\" style=\"margin-top:var(--wp--preset--spacing--40)\">\n<div class=\"wp-block-column is-vertically-aligned-stretch is-layout-flow wp-container-core-column-is-layout-119bc444 wp-block-column-is-layout-flow\"><\/div>\n\n\n\n<div class=\"wp-block-column is-layout-flow wp-block-column-is-layout-flow\"><\/div>\n\n\n\n<div class=\"wp-block-column is-layout-flow wp-block-column-is-layout-flow\"><\/div>\n\n\n\n<div class=\"wp-block-column is-layout-flow wp-block-column-is-layout-flow\"><\/div>\n\n\n\n<div class=\"wp-block-column is-layout-flow wp-block-column-is-layout-flow\"><\/div>\n<\/div>\n\n\n\n<div class=\"wp-block-group alignwide is-vertical is-content-justification-center is-layout-flex wp-container-core-group-is-layout-c9ee0c5a wp-block-group-is-layout-flex\">\n<div class=\"wp-block-group has-global-padding is-layout-constrained wp-container-core-group-is-layout-dd32767c wp-block-group-is-layout-constrained\">\n<h2 class=\"wp-block-heading has-text-align-center\">No tienes porqu\u00e9 hacerlo sola<\/h2>\n\n\n\n<div class=\"wp-block-buttons alignwide is-content-justification-center is-layout-flex wp-container-core-buttons-is-layout-a89b3969 wp-block-buttons-is-layout-flex\">\n<div class=\"wp-block-button\"><a class=\"wp-block-button__link wp-element-button\" href=\"https:\/\/bertacarreraspsicologia.com\/es\/contacto\/\">Te escucho<\/a><\/div>\n<\/div>\n<\/div>\n<\/div>\n<\/div>","protected":false},"excerpt":{"rendered":"<p>Atenci\u00f3n psicol\u00f3gica Soy Berta Carreras Fructuoso, psic\u00f3loga sanitaria y terapeuta sist\u00e9mica. Acompa\u00f1o adultos, familias y parejas en diferentes dificultades y momentos vitales. Sesiones on-line y presenciales en Girona y Campllong Servicios Te puedo acompa\u00f1ar en sesiones individuales, familiares o de pareja. Terapia adultos Sesiones individuales. Depresi\u00f3n, ansiedad, duelos, etapa perinatal, vivencia de situaciones traum\u00e1ticas, y [&hellip;]<\/p>\n","protected":false},"author":1,"featured_media":0,"parent":0,"menu_order":0,"comment_status":"closed","ping_status":"closed","template":"page-with-title","meta":{"footnotes":""},"class_list":["post-878","page","type-page","status-publish","hentry"],"_links":{"self":[{"href":"https:\/\/bertacarreraspsicologia.com\/es\/wp-json\/wp\/v2\/pages\/878","targetHints":{"allow":["GET"]}}],"collection":[{"href":"https:\/\/bertacarreraspsicologia.com\/es\/wp-json\/wp\/v2\/pages"}],"about":[{"href":"https:\/\/bertacarreraspsicologia.com\/es\/wp-json\/wp\/v2\/types\/page"}],"author":[{"embeddable":true,"href":"https:\/\/bertacarreraspsicologia.com\/es\/wp-json\/wp\/v2\/users\/1"}],"replies":[{"embeddable":true,"href":"https:\/\/bertacarreraspsicologia.com\/es\/wp-json\/wp\/v2\/comments?post=878"}],"version-history":[{"count":33,"href":"https:\/\/bertacarreraspsicologia.com\/es\/wp-json\/wp\/v2\/pages\/878\/revisions"}],"predecessor-version":[{"id":922,"href":"https:\/\/bertacarreraspsicologia.com\/es\/wp-json\/wp\/v2\/pages\/878\/revisions\/922"}],"wp:attachment":[{"href":"https:\/\/bertacarreraspsicologia.com\/es\/wp-json\/wp\/v2\/media?parent=878"}],"curies":[{"name":"wp","href":"https:\/\/api.w.org\/{rel}","templated":true}]}}